{"id":482,"date":"2025-05-22T21:57:18","date_gmt":"2025-05-22T21:57:18","guid":{"rendered":"https:\/\/sitiodepaz.com\/?page_id=482"},"modified":"2025-05-22T22:26:53","modified_gmt":"2025-05-22T22:26:53","slug":"legal-notice","status":"publish","type":"page","link":"https:\/\/sitiodepaz.com\/pt\/legal-notice\/","title":{"rendered":"Aviso Legal"},"content":{"rendered":"<p><strong>Propriet\u00e1rio e informa\u00e7\u00f5es de contato<\/strong><\/p>\n\n\n\n<p>Em cumprimento ao disposto na Lei 34\/2002, de 11 de julho, de Servi\u00e7os da Sociedade da Informa\u00e7\u00e3o e Com\u00e9rcio Eletr\u00f4nico (LSSI-CE), informamos que este site \u00e9 propriedade de:<\/p>\n\n\n\n<ul class=\"wp-block-list\">\n<li><strong>Nome da empresa:<\/strong> S\u00edtio de Paz<\/li>\n\n\n\n<li><strong>E-mail de contato:<\/strong> <a>info@sitiodepaz.com<\/a><\/li>\n\n\n\n<li><strong>URL do site:<\/strong> <a class=\"\" href=\"https:\/\/sitiodepaz.com\/pt\/\">https:\/\/sitiodepaz.com<\/a><\/li>\n\n\n\n<li><strong>Atividade empresarial:<\/strong> Aluguer de curta dura\u00e7\u00e3o de casas de f\u00e9rias e servi\u00e7os relacionados<\/li>\n<\/ul>\n\n\n\n<p><strong>Termos de Uso<\/strong><\/p>\n\n\n\n<p>Ao acessar este site, voc\u00ea se torna um usu\u00e1rio, o que significa que concorda com os termos e condi\u00e7\u00f5es descritos neste Aviso Legal. Caso n\u00e3o concorde com qualquer uma destas condi\u00e7\u00f5es, por favor, n\u00e3o utilize o site.<\/p>\n\n\n\n<p>O usu\u00e1rio concorda em utilizar o site em conformidade com a lei, a boa-f\u00e9, a ordem p\u00fablica, os costumes de tr\u00e2nsito e o presente Aviso Legal. O usu\u00e1rio responder\u00e1 perante o S\u00edtio de Paz ou terceiros por quaisquer danos causados pelo descumprimento destas obriga\u00e7\u00f5es.<\/p>\n\n\n\n<p><strong>Responsabilidade<\/strong><\/p>\n\n\n\n<p>O S\u00edtio de Paz n\u00e3o se responsabiliza por quaisquer danos ou perdas que possam advir da utiliza\u00e7\u00e3o do conte\u00fado do site, nem garante que o site esteja livre de v\u00edrus ou outros elementos nocivos. Reservamo-nos o direito de modificar ou remover conte\u00fado sem aviso pr\u00e9vio.<\/p>\n\n\n\n<p>N\u00e3o somos respons\u00e1veis pelo conte\u00fado de sites externos que possam estar vinculados a partir deste site.<\/p>\n\n\n\n<p><strong>Propriedade Intelectual e Industrial<\/strong><\/p>\n\n\n\n<p>Todo o conte\u00fado deste site (textos, imagens, logotipos, design, etc.) \u00e9 propriedade do S\u00edtio de Paz ou de terceiros que autorizaram seu uso e est\u00e1 protegido pelas leis de propriedade intelectual e industrial. Qualquer reprodu\u00e7\u00e3o, distribui\u00e7\u00e3o ou modifica\u00e7\u00e3o \u00e9 estritamente proibida sem autoriza\u00e7\u00e3o expressa.<\/p>\n\n\n\n<p><strong>Prote\u00e7\u00e3o de Dados<\/strong><\/p>\n\n\n\n<p>Os dados pessoais fornecidos pelos usu\u00e1rios por meio deste site ser\u00e3o processados de acordo com nossa <a>pol\u00edtica de Privacidade<\/a>, que recomendamos que voc\u00ea leia com aten\u00e7\u00e3o.<\/p>\n\n\n\n<p><strong>Lei Aplic\u00e1vel e Jurisdi\u00e7\u00e3o<\/strong><\/p>\n\n\n\n<p>Este site \u00e9 regido pela lei espanhola. Quaisquer disputas ou reclama\u00e7\u00f5es relacionadas a este site estar\u00e3o sujeitas \u00e0 jurisdi\u00e7\u00e3o dos tribunais da resid\u00eancia do propriet\u00e1rio do site, salvo disposi\u00e7\u00e3o em contr\u00e1rio da lei aplic\u00e1vel.<\/p>","protected":false},"excerpt":{"rendered":"<p>Owner and Contact Information In compliance with the provisions of Law 34\/2002, of July 11, on Information Society Services and Electronic Commerce (LSSI-CE), we inform you that this website is owned by: Terms of Use Accessing this website makes you a user, which means you agree to the terms and conditions described in this Legal [&hellip;]<\/p>","protected":false},"author":1,"featured_media":0,"parent":0,"menu_order":0,"comment_status":"closed","ping_status":"closed","template":"page-no-title","meta":{"footnotes":""},"class_list":["post-482","page","type-page","status-publish","hentry"],"aioseo_notices":[],"_links":{"self":[{"href":"https:\/\/sitiodepaz.com\/pt\/wp-json\/wp\/v2\/pages\/482","targetHints":{"allow":["GET"]}}],"collection":[{"href":"https:\/\/sitiodepaz.com\/pt\/wp-json\/wp\/v2\/pages"}],"about":[{"href":"https:\/\/sitiodepaz.com\/pt\/wp-json\/wp\/v2\/types\/page"}],"author":[{"embeddable":true,"href":"https:\/\/sitiodepaz.com\/pt\/wp-json\/wp\/v2\/users\/1"}],"replies":[{"embeddable":true,"href":"https:\/\/sitiodepaz.com\/pt\/wp-json\/wp\/v2\/comments?post=482"}],"version-history":[{"count":2,"href":"https:\/\/sitiodepaz.com\/pt\/wp-json\/wp\/v2\/pages\/482\/revisions"}],"predecessor-version":[{"id":484,"href":"https:\/\/sitiodepaz.com\/pt\/wp-json\/wp\/v2\/pages\/482\/revisions\/484"}],"wp:attachment":[{"href":"https:\/\/sitiodepaz.com\/pt\/wp-json\/wp\/v2\/media?parent=482"}],"curies":[{"name":"wp","href":"https:\/\/api.w.org\/{rel}","templated":true}]}}