{"id":315,"date":"2025-05-04T12:38:15","date_gmt":"2025-05-04T12:38:15","guid":{"rendered":"https:\/\/sitiodepaz.com\/?page_id=315"},"modified":"2025-05-04T12:54:28","modified_gmt":"2025-05-04T12:54:28","slug":"payment-success","status":"publish","type":"page","link":"https:\/\/sitiodepaz.com\/pt\/payment-success\/","title":{"rendered":"booking confirmed"},"content":{"rendered":"<p class=\"has-text-align-center has-accent-4-color has-text-color has-link-color has-cormorant-garamond-font-family has-xx-large-font-size wp-elements-8e3cd9d7e2d7abca1943af5e881e9866\"><strong>Reserva confirmada!<\/strong><\/p>\n\n\n\n<p class=\"has-text-align-center has-contrast-color has-text-color has-link-color has-outfit-font-family has-large-font-size wp-elements-09affed054756ca94375ca2fac1a3e78\"><br>Tudo pronto: recebemos o seu pagamento e a sua escapadela para Aljezur est\u00e1 oficialmente marcada!<br>Praias selvagens, natureza sem fim e a paz e tranquilidade do Algarve esperam por voc\u00ea.<br>Voc\u00ea receber\u00e1 um e-mail em breve com todos os detalhes.<\/p>\n\n\n\n<p class=\"has-text-align-center has-accent-1-color has-text-color has-link-color has-outfit-font-family has-large-font-size wp-elements-dbf05b9b7448097ad9016f50add5f298\">Prepare-se para realmente desligar!<\/p>","protected":false},"excerpt":{"rendered":"<p>Booking confirmed! All set: we\u2019ve received your payment and your getaway to Aljezur is officially on!Wild beaches, endless nature and that Algarve peace and quiet are waiting for you.You\u2019ll get an email soon with all the details. Get ready to truly switch off!<\/p>","protected":false},"author":1,"featured_media":0,"parent":0,"menu_order":0,"comment_status":"closed","ping_status":"closed","template":"page-no-title","meta":{"footnotes":""},"class_list":["post-315","page","type-page","status-publish","hentry"],"aioseo_notices":[],"_links":{"self":[{"href":"https:\/\/sitiodepaz.com\/pt\/wp-json\/wp\/v2\/pages\/315","targetHints":{"allow":["GET"]}}],"collection":[{"href":"https:\/\/sitiodepaz.com\/pt\/wp-json\/wp\/v2\/pages"}],"about":[{"href":"https:\/\/sitiodepaz.com\/pt\/wp-json\/wp\/v2\/types\/page"}],"author":[{"embeddable":true,"href":"https:\/\/sitiodepaz.com\/pt\/wp-json\/wp\/v2\/users\/1"}],"replies":[{"embeddable":true,"href":"https:\/\/sitiodepaz.com\/pt\/wp-json\/wp\/v2\/comments?post=315"}],"version-history":[{"count":4,"href":"https:\/\/sitiodepaz.com\/pt\/wp-json\/wp\/v2\/pages\/315\/revisions"}],"predecessor-version":[{"id":325,"href":"https:\/\/sitiodepaz.com\/pt\/wp-json\/wp\/v2\/pages\/315\/revisions\/325"}],"wp:attachment":[{"href":"https:\/\/sitiodepaz.com\/pt\/wp-json\/wp\/v2\/media?parent=315"}],"curies":[{"name":"wp","href":"https:\/\/api.w.org\/{rel}","templated":true}]}}