{"id":221,"date":"2025-05-02T09:54:30","date_gmt":"2025-05-02T09:54:30","guid":{"rendered":"https:\/\/sitiodepaz.com\/?page_id=221"},"modified":"2025-05-26T21:09:44","modified_gmt":"2025-05-26T21:09:44","slug":"contact","status":"publish","type":"page","link":"https:\/\/sitiodepaz.com\/pt\/contact\/","title":{"rendered":"Contato"},"content":{"rendered":"<p class=\"has-text-align-left has-accent-1-color has-text-color has-link-color has-large-font-size wp-elements-2fa02b38ad9a6abaada21e77910dbf28\">Tem d\u00favidas ou est\u00e1 sonhando com uma escapada? Vamos conversar!<\/p>\n\n\n\n<div class=\"wp-block-columns is-layout-flex wp-container-core-columns-is-layout-28f84493 wp-block-columns-is-layout-flex\">\n<div class=\"wp-block-column is-layout-flow wp-block-column-is-layout-flow\" style=\"flex-basis:60%\">\n<div class=\"wp-block-group alignwide has-global-padding is-layout-constrained wp-block-group-is-layout-constrained\"><style id=\"wpforms-css-vars-164-block-2d3b55d7-e96c-467c-ae67-199842b61418\">\n\t\t\t\t#wpforms-164.wpforms-block-2d3b55d7-e96c-467c-ae67-199842b61418 {\n\t\t\t\t--wpforms-button-background-color: #909b8d;\n--wpforms-field-size-input-height: 43px;\n--wpforms-field-size-input-spacing: 15px;\n--wpforms-field-size-font-size: 16px;\n--wpforms-field-size-line-height: 19px;\n--wpforms-field-size-padding-h: 14px;\n--wpforms-field-size-checkbox-size: 16px;\n--wpforms-field-size-sublabel-spacing: 5px;\n--wpforms-field-size-icon-size: 1;\n--wpforms-label-size-font-size: 16px;\n--wpforms-label-size-line-height: 19px;\n--wpforms-label-size-sublabel-font-size: 14px;\n--wpforms-label-size-sublabel-line-height: 17px;\n--wpforms-button-size-font-size: 20px;\n--wpforms-button-size-height: 48px;\n--wpforms-button-size-padding-h: 20px;\n--wpforms-button-size-margin-top: 15px;\n\n\t\t\t}\n\t\t\t<\/style><div class=\"wpforms-container wpforms-container-full wpforms-block wpforms-block-2d3b55d7-e96c-467c-ae67-199842b61418 wpforms-render-modern\" id=\"wpforms-164\"><form id=\"wpforms-form-164\" class=\"wpforms-validate wpforms-form wpforms-ajax-form\" data-formid=\"164\" method=\"post\" enctype=\"multipart\/form-data\" action=\"\/pt\/wp-json\/wp\/v2\/pages\/221\" data-token=\"4560912d004893a5bd13d800d65eb0e6\" data-token-time=\"1776367744\" data-trp-original-action=\"\/pt\/wp-json\/wp\/v2\/pages\/221\"><noscript class=\"wpforms-error-noscript\">Ative o JavaScript no seu navegador para preencher este formul\u00e1rio.<\/noscript><div class=\"wpforms-hidden\" id=\"wpforms-error-noscript\">Ative o JavaScript no seu navegador para preencher este formul\u00e1rio.<\/div><div class=\"wpforms-field-container\"><div id=\"wpforms-164-field_1-container\" class=\"wpforms-field wpforms-field-name\" data-field-id=\"1\"><label class=\"wpforms-field-label\" for=\"wpforms-164-field_1\">Nome <span class=\"wpforms-required-label\" aria-hidden=\"true\">*<\/span><\/label><input type=\"text\" id=\"wpforms-164-field_1\" class=\"wpforms-field-medium wpforms-field-required\" name=\"wpforms[fields][1]\" aria-errormessage=\"wpforms-164-field_1-error\" required><\/div><div id=\"wpforms-164-field_2-container\" class=\"wpforms-field wpforms-field-email\" data-field-id=\"2\"><label class=\"wpforms-field-label\" for=\"wpforms-164-field_2\">E-mail <span class=\"wpforms-required-label\" aria-hidden=\"true\">*<\/span><\/label><input type=\"email\" id=\"wpforms-164-field_2\" class=\"wpforms-field-medium wpforms-field-required\" name=\"wpforms[fields][2]\" spellcheck=\"false\" aria-errormessage=\"wpforms-164-field_2-error\" required><\/div><div id=\"wpforms-164-field_3-container\" class=\"wpforms-field wpforms-field-textarea\" data-field-id=\"3\"><label class=\"wpforms-field-label\" for=\"wpforms-164-field_3\">Mensagem<\/label><textarea id=\"wpforms-164-field_3\" class=\"wpforms-field-medium\" name=\"wpforms[fields][3]\" aria-errormessage=\"wpforms-164-field_3-error\" ><\/textarea><\/div><\/div><!-- .wpforms-field-container --><div class=\"wpforms-submit-container\" ><input type=\"hidden\" name=\"wpforms[id]\" value=\"164\"><input type=\"hidden\" name=\"page_title\" value=\"\"><input type=\"hidden\" name=\"page_url\" value=\"https:\/\/sitiodepaz.com\/pt\/wp-json\/wp\/v2\/pages\/221\"><input type=\"hidden\" name=\"url_referer\" value=\"\"><button type=\"submit\" name=\"wpforms[submit]\" id=\"wpforms-submit-164\" class=\"wpforms-submit\" data-alt-text=\"Sending...\" data-submit-text=\"Send\" aria-live=\"assertive\" value=\"wpforms-submit\">Enviar<\/button><img loading=\"lazy\" decoding=\"async\" src=\"https:\/\/sitiodepaz.com\/wp-content\/plugins\/wpforms-lite\/assets\/images\/submit-spin.svg\" class=\"wpforms-submit-spinner\" style=\"display: none;\" width=\"26\" height=\"26\" alt=\"Loading\"><\/div><input type=\"hidden\" name=\"trp-form-language\" value=\"pt\"\/><\/form><\/div>  <!-- .wpforms-container --><\/div>\n<\/div>\n\n\n\n<div class=\"wp-block-column is-vertically-aligned-center is-layout-flow wp-block-column-is-layout-flow\" style=\"flex-basis:40%\">\n<figure class=\"wp-block-image aligncenter size-large is-resized\"><img loading=\"lazy\" decoding=\"async\" width=\"894\" height=\"1024\" src=\"https:\/\/sitiodepaz.com\/wp-content\/uploads\/2025\/05\/arbre1-1-894x1024.png\" alt=\"\" class=\"wp-image-329\" style=\"width:302px;height:auto\" srcset=\"https:\/\/sitiodepaz.com\/wp-content\/uploads\/2025\/05\/arbre1-1-894x1024.png 894w, https:\/\/sitiodepaz.com\/wp-content\/uploads\/2025\/05\/arbre1-1-262x300.png 262w, https:\/\/sitiodepaz.com\/wp-content\/uploads\/2025\/05\/arbre1-1-768x880.png 768w, https:\/\/sitiodepaz.com\/wp-content\/uploads\/2025\/05\/arbre1-1-10x12.png 10w, https:\/\/sitiodepaz.com\/wp-content\/uploads\/2025\/05\/arbre1-1.png 945w\" sizes=\"auto, (max-width: 894px) 100vw, 894px\" \/><\/figure>\n<\/div>\n<\/div>\n\n\n\n<div style=\"height:65px\" aria-hidden=\"true\" class=\"wp-block-spacer\"><\/div>\n\n\n\n<div class=\"wp-block-group alignfull has-accent-4-background-color has-background has-global-padding is-layout-constrained wp-block-group-is-layout-constrained\" style=\"min-height:250px\">\n<div class=\"wp-block-columns are-vertically-aligned-center is-layout-flex wp-container-core-columns-is-layout-28f84493 wp-block-columns-is-layout-flex\">\n<div class=\"wp-block-column is-vertically-aligned-center is-layout-flow wp-block-column-is-layout-flow\">\n<div class=\"wp-block-group has-global-padding is-content-justification-right is-layout-constrained wp-container-core-group-is-layout-8f6d2a6c wp-block-group-is-layout-constrained\" style=\"margin-top:var(--wp--preset--spacing--40);margin-bottom:var(--wp--preset--spacing--40)\">\n<p class=\"has-text-align-center has-base-color has-text-color has-link-color has-cormorant-garamond-font-family has-x-large-font-size wp-elements-bc1e611d112e62c50a2bcfc0cbb6be10\">\u201cCada manh\u00e3 come\u00e7a com gratid\u00e3o e cada noite termina em paz.\u201d<\/p>\n\n\n\n<p class=\"has-text-align-center has-base-color has-text-color has-link-color has-outfit-font-family has-medium-font-size wp-elements-3cbfa63700a558d996bda00d121fa406\">Desconecte, relaxe e reconecte.<\/p>\n<\/div>\n<\/div>\n\n\n\n<div class=\"wp-block-column is-vertically-aligned-center is-layout-flow wp-block-column-is-layout-flow\">\n<figure class=\"wp-block-image aligncenter size-full is-resized\" style=\"margin-top:var(--wp--preset--spacing--40);margin-bottom:var(--wp--preset--spacing--40)\"><img loading=\"lazy\" decoding=\"async\" width=\"583\" height=\"700\" src=\"https:\/\/sitiodepaz.com\/wp-content\/uploads\/2025\/05\/caball-peke-1.png\" alt=\"\" class=\"wp-image-303\" style=\"width:233px;height:auto\" srcset=\"https:\/\/sitiodepaz.com\/wp-content\/uploads\/2025\/05\/caball-peke-1.png 583w, https:\/\/sitiodepaz.com\/wp-content\/uploads\/2025\/05\/caball-peke-1-250x300.png 250w, https:\/\/sitiodepaz.com\/wp-content\/uploads\/2025\/05\/caball-peke-1-10x12.png 10w\" sizes=\"auto, (max-width: 583px) 100vw, 583px\" \/><\/figure>\n<\/div>\n<\/div>\n<\/div>\n\n\n\n<div style=\"height:65px\" aria-hidden=\"true\" class=\"wp-block-spacer\"><\/div>\n\n\n\n<div class=\"wp-block-group alignwide has-global-padding is-layout-constrained wp-block-group-is-layout-constrained\"><div class='wpgmza_map_wrapper'><div id=\"wpgmza_map_block_1\" class=\"wpgmza_map wpgmza_standalone_map_block wpgmza-auto-center\" style=\"display:block;width:100%;height:300px;overflow:hidden;position:relative;\" data-maps-engine=\"open-layers\" data-build-engine=\"standalone-block\" data-icon=\"https:\/\/sitiodepaz.com\/wp-content\/plugins\/wp-go-maps-block\/images\/icon.png\" data-lat=\"37.339623\" data-lng=\"-8.789821\" data-zoom=\"12\" data-address=\"\" data-infowindow-mode=\"click\" ><\/div><\/div>\n\n\n<p class=\"has-text-align-right has-accent-1-color has-text-color has-link-color wp-elements-327db4e3aae239697b728a8e46e68eea\"><a href=\"https:\/\/www.google.com\/maps\/place\/37%C2%B020'22.6%22N+8%C2%B047'23.4%22W\/@37.3434938,-8.8130328,18401m\/data=!3m1!1e3!4m4!3m3!8m2!3d37.3396225!4d-8.7898207?hl=ca&amp;entry=ttu&amp;g_ep=EgoyMDI1MDUyMS4wIKXMDSoASAFQAw%3D%3D\" target=\"_blank\" rel=\"noreferrer noopener\">Ver no Google Maps<\/a><\/p>\n<\/div>","protected":false},"excerpt":{"rendered":"<p>Got questions or just dreaming of a getaway? Let&#8217;s chat! &#8220;Each morning begins with gratitude, and each night ends in peace.&#8221; Unplug, unwind, and reconnect. View on Google Maps<\/p>","protected":false},"author":1,"featured_media":0,"parent":0,"menu_order":0,"comment_status":"closed","ping_status":"closed","template":"page-no-title","meta":{"footnotes":""},"class_list":["post-221","page","type-page","status-publish","hentry"],"aioseo_notices":[],"_links":{"self":[{"href":"https:\/\/sitiodepaz.com\/pt\/wp-json\/wp\/v2\/pages\/221","targetHints":{"allow":["GET"]}}],"collection":[{"href":"https:\/\/sitiodepaz.com\/pt\/wp-json\/wp\/v2\/pages"}],"about":[{"href":"https:\/\/sitiodepaz.com\/pt\/wp-json\/wp\/v2\/types\/page"}],"author":[{"embeddable":true,"href":"https:\/\/sitiodepaz.com\/pt\/wp-json\/wp\/v2\/users\/1"}],"replies":[{"embeddable":true,"href":"https:\/\/sitiodepaz.com\/pt\/wp-json\/wp\/v2\/comments?post=221"}],"version-history":[{"count":53,"href":"https:\/\/sitiodepaz.com\/pt\/wp-json\/wp\/v2\/pages\/221\/revisions"}],"predecessor-version":[{"id":509,"href":"https:\/\/sitiodepaz.com\/pt\/wp-json\/wp\/v2\/pages\/221\/revisions\/509"}],"wp:attachment":[{"href":"https:\/\/sitiodepaz.com\/pt\/wp-json\/wp\/v2\/media?parent=221"}],"curies":[{"name":"wp","href":"https:\/\/api.w.org\/{rel}","templated":true}]}}