{"id":148,"date":"2025-05-01T08:36:26","date_gmt":"2025-05-01T08:36:26","guid":{"rendered":"https:\/\/sitiodepaz.com\/?page_id=148"},"modified":"2025-06-07T21:13:56","modified_gmt":"2025-06-07T21:13:56","slug":"about-me","status":"publish","type":"page","link":"https:\/\/sitiodepaz.com\/pt\/about-me\/","title":{"rendered":"Sobre mim"},"content":{"rendered":"<div class=\"wp-block-group alignfull is-style-section-1 has-background has-global-padding is-layout-constrained wp-block-group-is-layout-constrained is-style-section-1--1\" style=\"background-color:#f5f0e6;margin-top:0;margin-bottom:0;padding-top:var(--wp--preset--spacing--80);padding-bottom:var(--wp--preset--spacing--80)\">\n<div class=\"wp-block-columns alignwide is-layout-flex wp-container-core-columns-is-layout-66fad18a wp-block-columns-is-layout-flex\">\n<div class=\"wp-block-column is-vertically-aligned-center is-layout-flow wp-block-column-is-layout-flow\" style=\"padding-right:var(--wp--preset--spacing--50);flex-basis:45%\">\n<figure class=\"wp-block-image size-full is-style-default\"><img loading=\"lazy\" decoding=\"async\" width=\"2560\" height=\"1600\" src=\"https:\/\/sitiodepaz.com\/wp-content\/uploads\/2025\/06\/MG_1594-Bearbeitet-1-scaled.jpg\" alt=\"\" class=\"wp-image-544\" srcset=\"https:\/\/sitiodepaz.com\/wp-content\/uploads\/2025\/06\/MG_1594-Bearbeitet-1-scaled.jpg 2560w, https:\/\/sitiodepaz.com\/wp-content\/uploads\/2025\/06\/MG_1594-Bearbeitet-1-300x187.jpg 300w, https:\/\/sitiodepaz.com\/wp-content\/uploads\/2025\/06\/MG_1594-Bearbeitet-1-1024x640.jpg 1024w, https:\/\/sitiodepaz.com\/wp-content\/uploads\/2025\/06\/MG_1594-Bearbeitet-1-768x480.jpg 768w, https:\/\/sitiodepaz.com\/wp-content\/uploads\/2025\/06\/MG_1594-Bearbeitet-1-1536x960.jpg 1536w, https:\/\/sitiodepaz.com\/wp-content\/uploads\/2025\/06\/MG_1594-Bearbeitet-1-2048x1280.jpg 2048w, https:\/\/sitiodepaz.com\/wp-content\/uploads\/2025\/06\/MG_1594-Bearbeitet-1-18x12.jpg 18w\" sizes=\"auto, (max-width: 2560px) 100vw, 2560px\" \/><\/figure>\n\n\n\n<div class=\"wp-block-group has-global-padding is-layout-constrained wp-block-group-is-layout-constrained\" style=\"margin-top:-12vw\">\n<figure class=\"wp-block-image alignright size-full is-resized is-style-default\" style=\"margin-right:-5vw;margin-left:-5vw\"><img loading=\"lazy\" decoding=\"async\" width=\"301\" height=\"647\" src=\"https:\/\/sitiodepaz.com\/wp-content\/uploads\/2025\/06\/876d9056-f16c-435b-b4f1-eb26866f2ab1.jpg\" alt=\"\" class=\"wp-image-543\" style=\"width:202px\" srcset=\"https:\/\/sitiodepaz.com\/wp-content\/uploads\/2025\/06\/876d9056-f16c-435b-b4f1-eb26866f2ab1.jpg 301w, https:\/\/sitiodepaz.com\/wp-content\/uploads\/2025\/06\/876d9056-f16c-435b-b4f1-eb26866f2ab1-140x300.jpg 140w, https:\/\/sitiodepaz.com\/wp-content\/uploads\/2025\/06\/876d9056-f16c-435b-b4f1-eb26866f2ab1-6x12.jpg 6w\" sizes=\"auto, (max-width: 301px) 100vw, 301px\" \/><\/figure>\n<\/div>\n<\/div>\n\n\n\n<div class=\"wp-block-column is-vertically-aligned-center is-layout-flow wp-block-column-is-layout-flow\" style=\"padding-right:0;padding-left:0;flex-basis:50%\">\n<p class=\"has-accent-1-color has-text-color has-link-color has-cormorant-garamond-font-family has-x-large-font-size wp-elements-98e400876e13ba5c99ec588ab5cdad34\">Oi!<\/p>\n\n\n\n<p class=\"is-style-text-subtitle has-accent-1-color has-text-color has-link-color has-outfit-font-family wp-elements-eb753ada6ba3305166e42864603a2e2d is-style-text-subtitle--2\" style=\"font-size:clamp(0.875rem, 0.875rem + ((1vw - 0.2rem) * 0.196), 1rem);\">Ol\u00e1, sou a Kaarina. Em 2021, a vida trouxe-me a este lindo e tranquilo peda\u00e7o de terra no Algarve, onde agora vivo com os meus filhos. <\/p>\n\n\n\n<p class=\"is-style-text-subtitle has-accent-1-color has-text-color has-link-color has-outfit-font-family wp-elements-2bacf1b843a717c6a28710f3263b1cc9 is-style-text-subtitle--3\" style=\"font-size:clamp(0.875rem, 0.875rem + ((1vw - 0.2rem) * 0.196), 1rem);\">Desfrutando de uma vida simples e conectada junto com nossa grande fam\u00edlia animal, cercados pela natureza, liberdade e o ritmo das esta\u00e7\u00f5es.<\/p>\n\n\n\n<p class=\"has-accent-1-color has-text-color has-link-color has-outfit-font-family wp-elements-24ab2156d982ae54f27d1ecde4e53f94\" style=\"font-size:clamp(0.875rem, 0.875rem + ((1vw - 0.2rem) * 0.196), 1rem);\">Antes disso, administrei um est\u00fadio de pilates e terapia corporal por muitos anos na Holanda. Mas, no fundo, eu ansiava por mais espa\u00e7o, mais natureza, mais alma. Aqui, encontrei um estilo de vida que realmente combina com o meu cora\u00e7\u00e3o.<\/p>\n\n\n\n<p class=\"has-accent-1-color has-text-color has-link-color has-outfit-font-family wp-elements-feb0ead390e6df99b4fcfb10a804e0bf\" style=\"font-size:clamp(0.875rem, 0.875rem + ((1vw - 0.2rem) * 0.196), 1rem);\">Todas as manh\u00e3s, acordo com gratid\u00e3o pela beleza silenciosa ao meu redor. Todas as noites, sinto a paz se instalar com as estrelas.<\/p>\n\n\n\n<p class=\"has-accent-1-color has-text-color has-link-color has-outfit-font-family wp-elements-c16f9f35468e562efa3558e213f6e584\" style=\"font-size:clamp(0.875rem, 0.875rem + ((1vw - 0.2rem) * 0.196), 1rem);\">Este lugar n\u00e3o \u00e9 apenas o meu lar \u2014 \u00e9 um convite. Um espa\u00e7o para voc\u00ea desacelerar, se reconectar, respirar fundo... e quem sabe at\u00e9 voltar para casa, para si mesmo.<\/p>\n\n\n\n<p class=\"has-accent-1-color has-text-color has-link-color has-outfit-font-family wp-elements-0bac7ddb3caba24306cdd4404b05d3d5\" style=\"font-size:clamp(0.875rem, 0.875rem + ((1vw - 0.2rem) * 0.196), 1rem);\"><strong>O que voc\u00ea busca tamb\u00e9m est\u00e1 buscando voc\u00ea. \u00c0s vezes, come\u00e7a com alguns dias na natureza.<\/strong><\/p>\n\n\n\n<p class=\"has-accent-1-color has-text-color has-link-color has-outfit-font-family wp-elements-37c3ff5bc0a45d5598dc07d74cc8de2b\" style=\"font-size:clamp(0.875rem, 0.875rem + ((1vw - 0.2rem) * 0.196), 1rem);\">Todas as manh\u00e3s, acordo com gratid\u00e3o pela beleza silenciosa ao meu redor. Todas as noites, sinto a paz se instalar com as estrelas.<\/p>\n\n\n\n<p class=\"has-accent-1-color has-text-color has-link-color has-outfit-font-family wp-elements-c16f9f35468e562efa3558e213f6e584\" style=\"font-size:clamp(0.875rem, 0.875rem + ((1vw - 0.2rem) * 0.196), 1rem);\">Este lugar n\u00e3o \u00e9 apenas o meu lar \u2014 \u00e9 um convite. Um espa\u00e7o para voc\u00ea desacelerar, se reconectar, respirar fundo... e quem sabe at\u00e9 voltar para casa, para si mesmo.<\/p>\n\n\n\n<p class=\"is-style-text-subtitle has-accent-1-color has-text-color has-link-color has-outfit-font-family wp-elements-5f4b3a1c7f14c695fc8d2f50bacbb6d3 is-style-text-subtitle--4\" style=\"font-size:clamp(0.875rem, 0.875rem + ((1vw - 0.2rem) * 0.196), 1rem);\"><strong>O que voc\u00ea busca tamb\u00e9m est\u00e1 buscando voc\u00ea. \u00c0s vezes, come\u00e7a com alguns dias na natureza.<\/strong><\/p>\n<\/div>\n<\/div>\n<\/div>\n\n\n\n<div style=\"height:68px\" aria-hidden=\"true\" class=\"wp-block-spacer\"><\/div>\n\n\n\n<div class=\"wp-block-columns is-layout-flex wp-container-core-columns-is-layout-e477f7c6 wp-block-columns-is-layout-flex\" style=\"margin-top:0;margin-bottom:var(--wp--preset--spacing--50);padding-top:var(--wp--preset--spacing--50);padding-bottom:var(--wp--preset--spacing--50)\">\n<div class=\"wp-block-column is-vertically-aligned-center is-layout-flow wp-block-column-is-layout-flow\">\n<p class=\"has-text-align-center has-accent-1-color has-text-color has-link-color has-cormorant-garamond-font-family has-large-font-size wp-elements-1c13e2da802539bdb57d3828f9934edb\">SA\u00daDE E BEM-ESTAR<\/p>\n\n\n\n<p class=\"has-text-align-center has-contrast-color has-text-color has-link-color wp-elements-5152d656a126fd76e6dc69dd8752f41b\">Com mais de 15 anos de experi\u00eancia em sa\u00fade e bem-estar, trago uma presen\u00e7a gentil e equilibrada a cada estadia. Como professora certificada de Yoga e Pilates e terapeuta de alongamento, ofere\u00e7o aulas em grupo e sess\u00f5es individuais \u2014 sempre adaptadas \u00e0s suas necessidades e ritmo.<\/p>\n\n\n\n<p class=\"has-text-align-center has-contrast-color has-text-color has-link-color wp-elements-6a5db584d107bbb291ec2770eec3164c\">Gostaria de combinar sua estadia com terapia corporal, movimento ou um momento de reconex\u00e3o consigo mesmo? Basta me enviar uma mensagem pelo formul\u00e1rio de contato. Terei prazer em explorar com voc\u00ea o que melhor se adapta ao seu bem-estar \u2014 com cuidado, calma e alegria.<\/p>\n\n\n\n<div class=\"wp-block-buttons is-content-justification-center is-layout-flex wp-container-core-buttons-is-layout-5b5683f2 wp-block-buttons-is-layout-flex\">\n<div class=\"wp-block-button is-style-outline is-style-outline--5\"><a class=\"wp-block-button__link has-base-color has-accent-1-background-color has-text-color has-background has-link-color has-outfit-font-family wp-element-button\" href=\"https:\/\/sitiodepaz.com\/pt\/contact\/\">MAIS INFORMA\u00c7\u00d5ES<\/a><\/div>\n<\/div>\n<\/div>\n\n\n\n<div class=\"wp-block-column is-vertically-aligned-center is-layout-flow wp-block-column-is-layout-flow\">\n<figure class=\"wp-block-image aligncenter size-large is-resized is-style-default\"><img loading=\"lazy\" decoding=\"async\" width=\"1919\" height=\"2560\" src=\"https:\/\/sitiodepaz.com\/wp-content\/uploads\/2025\/05\/full-shot-women-meditating-outdoors-edited-scaled.jpg\" alt=\"\" class=\"wp-image-419\" style=\"width:365px;height:auto\" srcset=\"https:\/\/sitiodepaz.com\/wp-content\/uploads\/2025\/05\/full-shot-women-meditating-outdoors-edited-scaled.jpg 1919w, https:\/\/sitiodepaz.com\/wp-content\/uploads\/2025\/05\/full-shot-women-meditating-outdoors-edited-225x300.jpg 225w, https:\/\/sitiodepaz.com\/wp-content\/uploads\/2025\/05\/full-shot-women-meditating-outdoors-edited-768x1024.jpg 768w, https:\/\/sitiodepaz.com\/wp-content\/uploads\/2025\/05\/full-shot-women-meditating-outdoors-edited-1152x1536.jpg 1152w, https:\/\/sitiodepaz.com\/wp-content\/uploads\/2025\/05\/full-shot-women-meditating-outdoors-edited-1535x2048.jpg 1535w, https:\/\/sitiodepaz.com\/wp-content\/uploads\/2025\/05\/full-shot-women-meditating-outdoors-edited-9x12.jpg 9w\" sizes=\"auto, (max-width: 1919px) 100vw, 1919px\" \/><\/figure>\n<\/div>\n<\/div>\n\n\n\n<div class=\"wp-block-group has-global-padding is-layout-constrained wp-container-core-group-is-layout-92ef7b19 wp-block-group-is-layout-constrained\">\n<figure class=\"wp-block-video\"><video controls src=\"https:\/\/sitiodepaz.com\/wp-content\/uploads\/2025\/06\/joined_video_87c1cf91b16a4d68aee12b523ec4b513-kopie-1.mp4\"><\/video><\/figure>\n<\/div>","protected":false},"excerpt":{"rendered":"<p>Hi! Hi, I&#8217;m Kaarina. In 2021, life brought me to this beautiful and peaceful piece of land in the Algarve, where I now live with my children. Enjoying a simple, connected life together with our big animal family, surrounded by nature, freedom, and the rhythm of the seasons. Before this, I ran a Pilates and [&hellip;]<\/p>","protected":false},"author":1,"featured_media":0,"parent":0,"menu_order":0,"comment_status":"closed","ping_status":"closed","template":"page-no-title","meta":{"footnotes":""},"class_list":["post-148","page","type-page","status-publish","hentry"],"aioseo_notices":[],"_links":{"self":[{"href":"https:\/\/sitiodepaz.com\/pt\/wp-json\/wp\/v2\/pages\/148","targetHints":{"allow":["GET"]}}],"collection":[{"href":"https:\/\/sitiodepaz.com\/pt\/wp-json\/wp\/v2\/pages"}],"about":[{"href":"https:\/\/sitiodepaz.com\/pt\/wp-json\/wp\/v2\/types\/page"}],"author":[{"embeddable":true,"href":"https:\/\/sitiodepaz.com\/pt\/wp-json\/wp\/v2\/users\/1"}],"replies":[{"embeddable":true,"href":"https:\/\/sitiodepaz.com\/pt\/wp-json\/wp\/v2\/comments?post=148"}],"version-history":[{"count":34,"href":"https:\/\/sitiodepaz.com\/pt\/wp-json\/wp\/v2\/pages\/148\/revisions"}],"predecessor-version":[{"id":549,"href":"https:\/\/sitiodepaz.com\/pt\/wp-json\/wp\/v2\/pages\/148\/revisions\/549"}],"wp:attachment":[{"href":"https:\/\/sitiodepaz.com\/pt\/wp-json\/wp\/v2\/media?parent=148"}],"curies":[{"name":"wp","href":"https:\/\/api.w.org\/{rel}","templated":true}]}}