{"id":138,"date":"2025-05-01T08:14:24","date_gmt":"2025-05-01T08:14:24","guid":{"rendered":"https:\/\/sitiodepaz.com\/?page_id=138"},"modified":"2025-06-07T21:05:34","modified_gmt":"2025-06-07T21:05:34","slug":"safari-tent-in-aljezur","status":"publish","type":"page","link":"https:\/\/sitiodepaz.com\/pt\/safari-tent-in-aljezur\/","title":{"rendered":"Safari Tent in Aljezur"},"content":{"rendered":"<div class=\"wp-block-columns alignwide is-layout-flex wp-container-core-columns-is-layout-28f84493 wp-block-columns-is-layout-flex\">\n<div class=\"wp-block-column is-vertically-aligned-top is-layout-flow wp-block-column-is-layout-flow\" style=\"flex-basis:40%\">\n<figure class=\"wp-block-image size-full is-resized\"><img loading=\"lazy\" decoding=\"async\" width=\"184\" height=\"35\" src=\"https:\/\/sitiodepaz.com\/wp-content\/uploads\/2025\/04\/Eyebrow.png\" alt=\"\" class=\"wp-image-56\" style=\"width:178px;height:auto\"\/><\/figure>\n\n\n\n<div class=\"wp-block-group has-global-padding is-layout-constrained wp-block-group-is-layout-constrained\">\n<div class=\"wp-block-group has-global-padding is-layout-constrained wp-block-group-is-layout-constrained\">\n<p class=\"has-cormorant-garamond-font-family has-xx-large-font-size\">TENDA SAFARI ALGARVE<\/p>\n\n\n\n<p>Tenda de safari aconchegante e rom\u00e2ntica aninhada no campo perto de Aljezur.<\/p>\n\n\n\n<p>Um retiro tranquilo para um ou dois h\u00f3spedes que buscam desacelerar e se reconectar com a natureza. <\/p>\n\n\n\n<p>Cercado por campos, \u00e1rvores e animais como burros e cavalos, \u00e9 um local ideal para aproveitar o ritmo simples da vida rural. <\/p>\n\n\n\n<p>A barraca disp\u00f5e de uma cama de casal, uma cozinha compacta b\u00e1sica, um banheiro de compostagem privativo e um chuveiro ao ar livre para uma estadia sustent\u00e1vel.<\/p>\n\n\n\n<p>Desfrute de refei\u00e7\u00f5es no deck de madeira a c\u00e9u aberto, sem eletricidade \u2014 apenas luz solar e noites estreladas. Localizado perto dos caf\u00e9s, lojas e praias deslumbrantes de Aljezur, oferece o equil\u00edbrio perfeito entre privacidade e conveni\u00eancia.<\/p>\n<\/div>\n\n\n\n<div style=\"height:5px\" aria-hidden=\"true\" class=\"wp-block-spacer\"><\/div>\n<\/div>\n<\/div>\n\n\n\n<div class=\"wp-block-column is-layout-flow wp-block-column-is-layout-flow\" style=\"flex-basis:60%\"><div ><style id=\"wp_carousel_dynamic_css398\">#sp-wp-carousel-free-id-398 .wpcp-swiper-dots {margin: 40px 0px 0px 0px;}.wpcp-wrapper-398 .swiper-wrapper .swiper-slide-kenburn, .wpcp-wrapper-398 .swiper-wrapper, .wpcp-wrapper-398 .wpcpro-row{align-items: center;}#sp-wp-carousel-free-id-398 .wpcp-single-item {box-shadow: 0px 0px 0px 0px #dddddd;transition: all .3s;margin: 0px;}#sp-wp-carousel-free-id-398.swiper-flip .wpcp-single-item{margin: 0!important;}#sp-wp-carousel-free-id-398 .wpcp-single-item:hover {box-shadow: 0px 0px 0px 0px #dddddd;}#sp-wp-carousel-free-id-398.sp-wpcp-398 .wpcp-single-item {border: 1px solid #dddddd;}#sp-wp-carousel-free-id-398.sp-wpcp-398 .swiper-button-prev,#sp-wp-carousel-free-id-398.sp-wpcp-398 .swiper-button-next,#sp-wp-carousel-free-id-398.sp-wpcp-398 .swiper-button-prev:hover,#sp-wp-carousel-free-id-398.sp-wpcp-398 .swiper-button-next:hover {background: none;border: none;font-size: 30px;}#sp-wp-carousel-free-id-398.sp-wpcp-398 .swiper-button-prev i,#sp-wp-carousel-free-id-398.sp-wpcp-398 .swiper-button-next i {color: #aaa;}#sp-wp-carousel-free-id-398.sp-wpcp-398 .swiper-button-prev i:hover,#sp-wp-carousel-free-id-398.sp-wpcp-398 .swiper-button-next i:hover {color: #178087;}#sp-wp-carousel-free-id-398.sp-wpcp-398 .wpcp-swiper-dots .swiper-pagination-bullet {background-color: #cccccc;}#sp-wp-carousel-free-id-398.sp-wpcp-398 .wpcp-swiper-dots .swiper-pagination-bullet.swiper-pagination-bullet-active {background-color: #178087;} #sp-wp-carousel-free-id-398.sp-wpcp-398.wpcp-image-carousel .wpcp-single-item:hover img, #sp-wp-carousel-free-id-398.sp-wpcp-398.wpcp-post-carousel .wpcp-single-item:hover img, #sp-wp-carousel-free-id-398.sp-wpcp-398.wpcp-product-carousel .wpcp-single-item:hover img{-webkit-transform: scale(1.2);-moz-transform: scale(1.2);transform: scale(1.2);}#sp-wp-carousel-free-id-398 .wpcpro-row>[class*=\"wpcpro-col-\"] { padding: 0 10px; padding-bottom: 20px;} #sp-wp-carousel-free-id-398 .swiper-slide .single-item-fade:not(:last-child) { margin-right: 20px;}@media (min-width: 480px) { .wpcpro-row .wpcpro-col-sm-1 { flex: 0 0 100%; max-width: 100%; } .wpcpro-row .wpcpro-col-sm-2 { flex: 0 0 50%; max-width: 50%; } .wpcpro-row .wpcpro-col-sm-2-5 { flex: 0 0 75%; max-width: 75%; } .wpcpro-row .wpcpro-col-sm-3 { flex: 0 0 33.333%; max-width: 33.333%; } .wpcpro-row .wpcpro-col-sm-4 { flex: 0 0 25%; max-width: 25%; } .wpcpro-row .wpcpro-col-sm-5 { flex: 0 0 20%; max-width: 20%; } .wpcpro-row .wpcpro-col-sm-6 { flex: 0 0 16.66666666666667%; max-width: 16.66666666666667%; } .wpcpro-row .wpcpro-col-sm-7 { flex: 0 0 14.28571428%; max-width: 14.28571428%; } .wpcpro-row .wpcpro-col-sm-8 { flex: 0 0 12.5%; max-width: 12.5%; } } @media (max-width: 480px) { .wpcpro-row .wpcpro-col-xs-1 { flex: 0 0 100%; max-width: 100%; } .wpcpro-row .wpcpro-col-xs-2 { flex: 0 0 50%; max-width: 50%; } .wpcpro-row .wpcpro-col-xs-3 { flex: 0 0 33.222%; max-width: 33.222%; } .wpcpro-row .wpcpro-col-xs-4 { flex: 0 0 25%; max-width: 25%; } .wpcpro-row .wpcpro-col-xs-5 { flex: 0 0 20%; max-width: 20%; } .wpcpro-row .wpcpro-col-xs-6 { flex: 0 0 16.6667%; max-width: 16.6667%; } .wpcpro-row .wpcpro-col-xs-7 { flex: 0 0 14.28571428%; max-width: 14.28571428%; } .wpcpro-row .wpcpro-col-xs-8 { flex: 0 0 12.5%; max-width: 12.5%; } } @media (min-width: 736px) { .wpcpro-row .wpcpro-col-md-1 { flex: 0 0 100%; max-width: 100%; } .wpcpro-row .wpcpro-col-md-2 { flex: 0 0 50%; max-width: 50%; } .wpcpro-row .wpcpro-col-md-2-5 { flex: 0 0 75%; max-width: 75%; } .wpcpro-row .wpcpro-col-md-3 { flex: 0 0 33.333%; max-width: 33.333%; } .wpcpro-row .wpcpro-col-md-4 { flex: 0 0 25%; max-width: 25%; } .wpcpro-row .wpcpro-col-md-5 { flex: 0 0 20%; max-width: 20%; } .wpcpro-row .wpcpro-col-md-6 { flex: 0 0 16.66666666666667%; max-width: 16.66666666666667%; } .wpcpro-row .wpcpro-col-md-7 { flex: 0 0 14.28571428%; max-width: 14.28571428%; } .wpcpro-row .wpcpro-col-md-8 { flex: 0 0 12.5%; max-width: 12.5%; } } @media (min-width: 980px) { .wpcpro-row .wpcpro-col-lg-1 { flex: 0 0 100%; max-width: 100%; } .wpcpro-row .wpcpro-col-lg-2 { flex: 0 0 50%; max-width: 50%; } .wpcpro-row .wpcpro-col-lg-3 { flex: 0 0 33.222%; max-width: 33.222%; } .wpcpro-row .wpcpro-col-lg-4 { flex: 0 0 25%; max-width: 25%; } .wpcpro-row .wpcpro-col-lg-5 { flex: 0 0 20%; max-width: 20%; } .wpcpro-row .wpcpro-col-lg-6 { flex: 0 0 16.6667%; max-width: 16.6667%; } .wpcpro-row .wpcpro-col-lg-7 { flex: 0 0 14.28571428%; max-width: 14.28571428%; } .wpcpro-row .wpcpro-col-lg-8 { flex: 0 0 12.5%; max-width: 12.5%; } } @media (min-width: 1200px) { .wpcpro-row .wpcpro-col-xl-1 { flex: 0 0 100%; max-width: 100%; } .wpcpro-row .wpcpro-col-xl-2 { flex: 0 0 50%; max-width: 50%; } .wpcpro-row .wpcpro-col-xl-3 { flex: 0 0 33.22222222%; max-width: 33.22222222%; } .wpcpro-row .wpcpro-col-xl-4 { flex: 0 0 25%; max-width: 25%; } .wpcpro-row .wpcpro-col-xl-5 { flex: 0 0 20%; max-width: 20%; } .wpcpro-row .wpcpro-col-xl-6 { flex: 0 0 16.66667%; max-width: 16.66667%; } .wpcpro-row .wpcpro-col-xl-7 { flex: 0 0 14.28571428%; max-width: 14.28571428%; } .wpcpro-row .wpcpro-col-xl-8 { flex: 0 0 12.5%; max-width: 12.5%; } }<\/style><div class=\"wpcp-carousel-wrapper wpcp-wrapper-398\">\n\t<div id=\"wpcp-preloader-398\" class=\"wpcp-carousel-preloader\"><img decoding=\"async\" src=\"https:\/\/sitiodepaz.com\/wp-content\/plugins\/wp-carousel-free\/public\/css\/spinner.svg\" alt=\"Preloader Image\" \/><\/div>\t<div class=\"wpcp-carousel-content-wrapper\">\n\t<div id=\"sp-wp-carousel-free-id-398\" class=\"wpcp-carousel-section sp-wpcp-398  nav-vertical-center wpcp-image-carousel wpcp-preloader wpcp-standard wpcp-center\" data-swiper='{ &quot;accessibility&quot;:true, &quot;spaceBetween&quot;:20, &quot;arrows&quot;:true, &quot;freeMode&quot;: false, &quot;autoplay&quot;:false, &quot;effect&quot;: &quot;slide&quot;, &quot;centerMode&quot;: true, &quot;autoplaySpeed&quot;:3000, &quot;dots&quot;:true, &quot;infinite&quot;:true, &quot;speed&quot;:600, &quot;pauseOnHover&quot;:true,\t\t\t&quot;slidesToShow&quot;:{&quot;lg_desktop&quot;:1, &quot;desktop&quot;: 1, &quot;laptop&quot;: 1, &quot;tablet&quot;: 1, &quot;mobile&quot;: 1}, &quot;responsive&quot;:{&quot;desktop&quot;:1200, &quot;laptop&quot;: 980, &quot;tablet&quot;: 736, &quot;mobile&quot;: 480}, &quot;rtl&quot;:false, &quot;lazyLoad&quot;: &quot;false&quot;, &quot;swipe&quot;: true, &quot;draggable&quot;: true, &quot;swipeToSlide&quot;:false }' dir=\"ltr\">\n\t\t<div class=\"swiper-wrapper\">\n\t\t<div class=\"swiper-slide\">\n\t<div class=\"wpcp-single-item\">\n\t\t\t<a class=\"wcp-light-box\" data-buttons='[\"close\"]' data-wpc_url='https:\/\/sitiodepaz.com\/wp-content\/uploads\/2025\/06\/IMG_5551-scaled.jpeg' href=\"https:\/\/sitiodepaz.com\/wp-content\/uploads\/2025\/06\/IMG_5551-scaled.jpeg\" data-fancybox=\"wpcp_view\">\n\t\t<figure>\n\t\t\t<img loading=\"lazy\" decoding=\"async\" class=\"skip-lazy\" src=\"https:\/\/sitiodepaz.com\/wp-content\/uploads\/2025\/06\/IMG_5551-scaled.jpeg\" alt=\"IMG_5551\" width=\"2560\" height=\"1920\">\t\t<\/figure>\n\t<\/a>\n\t\t<\/div>\n<\/div>\n\t<div class=\"swiper-slide\">\n\t<div class=\"wpcp-single-item\">\n\t\t\t<a class=\"wcp-light-box\" data-buttons='[\"close\"]' data-wpc_url='https:\/\/sitiodepaz.com\/wp-content\/uploads\/2025\/06\/IMG_5561-scaled.jpeg' href=\"https:\/\/sitiodepaz.com\/wp-content\/uploads\/2025\/06\/IMG_5561-scaled.jpeg\" data-fancybox=\"wpcp_view\">\n\t\t<figure>\n\t\t\t<img loading=\"lazy\" decoding=\"async\" class=\"skip-lazy\" src=\"https:\/\/sitiodepaz.com\/wp-content\/uploads\/2025\/06\/IMG_5561-scaled.jpeg\" alt=\"IMG_5561\" width=\"2560\" height=\"1920\">\t\t<\/figure>\n\t<\/a>\n\t\t<\/div>\n<\/div>\n\t<div class=\"swiper-slide\">\n\t<div class=\"wpcp-single-item\">\n\t\t\t<a class=\"wcp-light-box\" data-buttons='[\"close\"]' data-wpc_url='https:\/\/sitiodepaz.com\/wp-content\/uploads\/2025\/06\/IMG_7110-scaled.jpeg' href=\"https:\/\/sitiodepaz.com\/wp-content\/uploads\/2025\/06\/IMG_7110-scaled.jpeg\" data-fancybox=\"wpcp_view\">\n\t\t<figure>\n\t\t\t<img loading=\"lazy\" decoding=\"async\" class=\"skip-lazy\" src=\"https:\/\/sitiodepaz.com\/wp-content\/uploads\/2025\/06\/IMG_7110-scaled.jpeg\" alt=\"IMG_7110\" width=\"2560\" height=\"1920\">\t\t<\/figure>\n\t<\/a>\n\t\t<\/div>\n<\/div>\n\t<div class=\"swiper-slide\">\n\t<div class=\"wpcp-single-item\">\n\t\t\t<a class=\"wcp-light-box\" data-buttons='[\"close\"]' data-wpc_url='https:\/\/sitiodepaz.com\/wp-content\/uploads\/2025\/06\/5580714e-e95e-4440-866a-aacb9ec8f90b.jpg' href=\"https:\/\/sitiodepaz.com\/wp-content\/uploads\/2025\/06\/5580714e-e95e-4440-866a-aacb9ec8f90b.jpg\" data-fancybox=\"wpcp_view\">\n\t\t<figure>\n\t\t\t<img loading=\"lazy\" decoding=\"async\" class=\"skip-lazy\" src=\"https:\/\/sitiodepaz.com\/wp-content\/uploads\/2025\/06\/5580714e-e95e-4440-866a-aacb9ec8f90b.jpg\" alt=\"5580714e-e95e-4440-866a-aacb9ec8f90b\" width=\"1854\" height=\"1390\">\t\t<\/figure>\n\t<\/a>\n\t\t<\/div>\n<\/div>\n\t<div class=\"swiper-slide\">\n\t<div class=\"wpcp-single-item\">\n\t\t\t<a class=\"wcp-light-box\" data-buttons='[\"close\"]' data-wpc_url='https:\/\/sitiodepaz.com\/wp-content\/uploads\/2025\/06\/89ba4196-8758-4293-ad4c-127c55d00433.jpg' href=\"https:\/\/sitiodepaz.com\/wp-content\/uploads\/2025\/06\/89ba4196-8758-4293-ad4c-127c55d00433.jpg\" data-fancybox=\"wpcp_view\">\n\t\t<figure>\n\t\t\t<img loading=\"lazy\" decoding=\"async\" class=\"skip-lazy\" src=\"https:\/\/sitiodepaz.com\/wp-content\/uploads\/2025\/06\/89ba4196-8758-4293-ad4c-127c55d00433.jpg\" alt=\"89ba4196-8758-4293-ad4c-127c55d00433\" width=\"2048\" height=\"1536\">\t\t<\/figure>\n\t<\/a>\n\t\t<\/div>\n<\/div>\n\t<div class=\"swiper-slide\">\n\t<div class=\"wpcp-single-item\">\n\t\t\t<a class=\"wcp-light-box\" data-buttons='[\"close\"]' data-wpc_url='https:\/\/sitiodepaz.com\/wp-content\/uploads\/2025\/06\/D19516D5-B209-4A92-B65C-369D70BE2607.jpg' href=\"https:\/\/sitiodepaz.com\/wp-content\/uploads\/2025\/06\/D19516D5-B209-4A92-B65C-369D70BE2607.jpg\" data-fancybox=\"wpcp_view\">\n\t\t<figure>\n\t\t\t<img loading=\"lazy\" decoding=\"async\" class=\"skip-lazy\" src=\"https:\/\/sitiodepaz.com\/wp-content\/uploads\/2025\/06\/D19516D5-B209-4A92-B65C-369D70BE2607.jpg\" alt=\"D19516D5-B209-4A92-B65C-369D70BE2607\" width=\"1151\" height=\"828\">\t\t<\/figure>\n\t<\/a>\n\t\t<\/div>\n<\/div>\n\t<div class=\"swiper-slide\">\n\t<div class=\"wpcp-single-item\">\n\t\t\t<a class=\"wcp-light-box\" data-buttons='[\"close\"]' data-wpc_url='https:\/\/sitiodepaz.com\/wp-content\/uploads\/2025\/06\/IMG_5572-scaled.jpeg' href=\"https:\/\/sitiodepaz.com\/wp-content\/uploads\/2025\/06\/IMG_5572-scaled.jpeg\" data-fancybox=\"wpcp_view\">\n\t\t<figure>\n\t\t\t<img loading=\"lazy\" decoding=\"async\" class=\"skip-lazy\" src=\"https:\/\/sitiodepaz.com\/wp-content\/uploads\/2025\/06\/IMG_5572-scaled.jpeg\" alt=\"IMG_5572\" width=\"2560\" height=\"1920\">\t\t<\/figure>\n\t<\/a>\n\t\t<\/div>\n<\/div>\n\t\t\t<\/div>\n\t\t\t\t\t<div class=\"wpcp-swiper-dots swiper-pagination\"><\/div>\n\t\t\t\t<!-- If we need navigation buttons -->\n\t\t\t\t\t<div class=\"wpcp-prev-button swiper-button-prev\"><i class=\"fa fa-angle-left\"><\/i><\/div>\n\t\t\t<div class=\"wpcp-next-button swiper-button-next\"><i class=\"fa fa-angle-right\"><\/i><\/div>\n\t\t\t<\/div>\n\t<\/div>\n<\/div>\n<\/div><\/div>\n<\/div>\n\n\n\n<div style=\"height:79px\" aria-hidden=\"true\" class=\"wp-block-spacer\"><\/div>\n\n\n\n<div class=\"wp-block-columns is-layout-flex wp-container-core-columns-is-layout-28f84493 wp-block-columns-is-layout-flex\">\n<div class=\"wp-block-column is-layout-flow wp-block-column-is-layout-flow\" style=\"flex-basis:60%\">\n<div class=\"wp-block-group alignwide has-global-padding is-layout-constrained wp-block-group-is-layout-constrained\">\n<div class=\"wp-block-group alignwide has-global-padding is-layout-constrained wp-block-group-is-layout-constrained\">\n<p class=\"has-accent-1-color has-text-color has-link-color has-cormorant-garamond-font-family has-x-large-font-size wp-elements-af2f9c8f3a28e931aac7f3263c7708c5\">Glamping na Natureza. Tenda Safari Rom\u00e2ntica em Aljezur<\/p>\n\n\n\n<p><strong>Um ref\u00fagio tranquilo cercado por campos, \u00e1rvores e animais \u2013 o lugar perfeito para desacelerar, se reconectar e respirar.<\/strong><\/p>\n\n\n\n<p>Escondida na zona rural de Aljezur, a nossa acolhedora tenda safari oferece uma escapadela \u00fanica e rom\u00e2ntica para um ou dois h\u00f3spedes. Acorde com o canto dos p\u00e1ssaros, sinta a brisa entre as \u00e1rvores e desfrute do ritmo simples da vida rural \u2013 com burros curiosos e cavalos d\u00f3ceis por perto.<\/p>\n\n\n\n<p>Dentro da barraca, voc\u00ea encontrar\u00e1 uma confort\u00e1vel cama de casal (140\u00d7200), perfeita para recarregar as energias ap\u00f3s um dia de explora\u00e7\u00e3o. Uma pequena cozinha compacta inclui cafeteira, pratos, x\u00edcaras e utens\u00edlios b\u00e1sicos \u2013 o suficiente para um caf\u00e9 da manh\u00e3 tranquilo ou um jantar ao p\u00f4r do sol na varanda.<\/p>\n\n\n\n<p>Voc\u00ea ter\u00e1 acesso a um banheiro privativo de compostagem e a um refrescante chuveiro externo para uma experi\u00eancia sustent\u00e1vel e pr\u00f3xima \u00e0 natureza. Fornecemos toda a roupa de cama e toalhas para que voc\u00ea possa viajar com pouca bagagem e se concentrar em relaxar.<\/p>\n\n\n\n<p>Saia para o deck de madeira e aproveite suas refei\u00e7\u00f5es cercado pelos sons da natureza.<\/p>\n\n\n\n<p>A uma curta dist\u00e2ncia de carro, a encantadora vila de Aljezur oferece deliciosos restaurantes locais, supermercados e tudo o que voc\u00ea precisa. E se voc\u00ea deseja o mar, algumas das praias mais deslumbrantes do Algarve est\u00e3o a poucos minutos de dist\u00e2ncia.<\/p>\n<\/div>\n<\/div>\n<\/div>\n\n\n\n<div class=\"wp-block-column is-layout-flow wp-block-column-is-layout-flow\" style=\"flex-basis:40%\">\n<p class=\"has-text-align-center has-contrast-color has-text-color has-link-color has-cormorant-garamond-font-family has-x-large-font-size wp-elements-675780ca13c2945b7760aefe6b90c8cf\">RESERVE SUA ESTADIA<\/p>\n\n\n\n<p class=\"has-text-align-center has-accent-1-color has-text-color has-link-color wp-elements-3fa80d6d465782c267c82db30e00d170\">Confirma\u00e7\u00e3o instant\u00e2nea. Op\u00e7\u00f5es flex\u00edveis. Sem taxas ocultas.<\/p>\n\n\n\n<iframe\n    src=\"https:\/\/api.dweelio.com\/iframe\/67e55044-10b1-426f-9247-bb680e5fe0c8\"\n    style=\"width:100%; height:550px; border:none;\"\n    sandbox=\"allow-scripts allow-forms allow-same-origin allow-top-navigation\"\n><\/iframe>\n<\/div>\n<\/div>\n\n\n\n<div style=\"height:100px\" aria-hidden=\"true\" class=\"wp-block-spacer\"><\/div>\n\n\n\n<div class=\"wp-block-group alignfull has-accent-4-background-color has-background is-content-justification-center is-nowrap is-layout-flex wp-container-core-group-is-layout-23441af8 wp-block-group-is-layout-flex\" style=\"min-height:400px\">\n<div class=\"wp-block-columns is-layout-flex wp-container-core-columns-is-layout-b5d949ab wp-block-columns-is-layout-flex\" style=\"padding-top:var(--wp--preset--spacing--30);padding-bottom:0\">\n<div class=\"wp-block-column is-vertically-aligned-center is-layout-flow wp-block-column-is-layout-flow\">\n<figure class=\"wp-block-image aligncenter size-full is-resized\"><img loading=\"lazy\" decoding=\"async\" width=\"795\" height=\"584\" src=\"https:\/\/sitiodepaz.com\/wp-content\/uploads\/2025\/05\/cu.png\" alt=\"\" class=\"wp-image-186\" style=\"width:164px;height:auto\" srcset=\"https:\/\/sitiodepaz.com\/wp-content\/uploads\/2025\/05\/cu.png 795w, https:\/\/sitiodepaz.com\/wp-content\/uploads\/2025\/05\/cu-300x220.png 300w, https:\/\/sitiodepaz.com\/wp-content\/uploads\/2025\/05\/cu-768x564.png 768w, https:\/\/sitiodepaz.com\/wp-content\/uploads\/2025\/05\/cu-16x12.png 16w\" sizes=\"auto, (max-width: 795px) 100vw, 795px\" \/><\/figure>\n\n\n\n<p class=\"has-text-align-center has-base-color has-text-color has-link-color has-cormorant-garamond-font-family has-large-font-size wp-elements-e08f13b682457719dbdeaafb4d3dc5ec\">Cozinha b\u00e1sica<\/p>\n<\/div>\n\n\n\n<div class=\"wp-block-column is-vertically-aligned-center is-layout-flow wp-block-column-is-layout-flow\">\n<figure class=\"wp-block-image aligncenter size-full is-resized\"><img loading=\"lazy\" decoding=\"async\" width=\"795\" height=\"584\" src=\"https:\/\/sitiodepaz.com\/wp-content\/uploads\/2025\/05\/no-elec.png\" alt=\"\" class=\"wp-image-195\" style=\"width:159px;height:auto\" srcset=\"https:\/\/sitiodepaz.com\/wp-content\/uploads\/2025\/05\/no-elec.png 795w, https:\/\/sitiodepaz.com\/wp-content\/uploads\/2025\/05\/no-elec-300x220.png 300w, https:\/\/sitiodepaz.com\/wp-content\/uploads\/2025\/05\/no-elec-768x564.png 768w, https:\/\/sitiodepaz.com\/wp-content\/uploads\/2025\/05\/no-elec-16x12.png 16w\" sizes=\"auto, (max-width: 795px) 100vw, 795px\" \/><\/figure>\n\n\n\n<p class=\"has-text-align-center has-base-color has-text-color has-link-color has-cormorant-garamond-font-family has-large-font-size wp-elements-1e814f769fe47141942bff042319626e\">Sem eletricidade<\/p>\n<\/div>\n\n\n\n<div class=\"wp-block-column is-vertically-aligned-center is-layout-flow wp-block-column-is-layout-flow\">\n<figure class=\"wp-block-image aligncenter size-full is-resized\"><img loading=\"lazy\" decoding=\"async\" width=\"795\" height=\"584\" src=\"https:\/\/sitiodepaz.com\/wp-content\/uploads\/2025\/05\/ga.png\" alt=\"\" class=\"wp-image-185\" style=\"width:166px;height:auto\" srcset=\"https:\/\/sitiodepaz.com\/wp-content\/uploads\/2025\/05\/ga.png 795w, https:\/\/sitiodepaz.com\/wp-content\/uploads\/2025\/05\/ga-300x220.png 300w, https:\/\/sitiodepaz.com\/wp-content\/uploads\/2025\/05\/ga-768x564.png 768w, https:\/\/sitiodepaz.com\/wp-content\/uploads\/2025\/05\/ga-16x12.png 16w\" sizes=\"auto, (max-width: 795px) 100vw, 795px\" \/><\/figure>\n\n\n\n<p class=\"has-text-align-center has-base-color has-text-color has-link-color has-cormorant-garamond-font-family has-large-font-size wp-elements-e17bd73b1529e29b57177bb57e645bf5\">Animais de fazenda amig\u00e1veis<\/p>\n<\/div>\n\n\n\n<div class=\"wp-block-column is-vertically-aligned-center is-layout-flow wp-block-column-is-layout-flow\">\n<figure class=\"wp-block-image aligncenter size-full is-resized\"><img loading=\"lazy\" decoding=\"async\" width=\"795\" height=\"584\" src=\"http:\/\/sitiodepaz.com\/wp-content\/uploads\/2025\/05\/Ilustracion_sin_titulo14.png\" alt=\"\" class=\"wp-image-174\" style=\"width:158px;height:auto\" srcset=\"https:\/\/sitiodepaz.com\/wp-content\/uploads\/2025\/05\/Ilustracion_sin_titulo14.png 795w, https:\/\/sitiodepaz.com\/wp-content\/uploads\/2025\/05\/Ilustracion_sin_titulo14-300x220.png 300w, https:\/\/sitiodepaz.com\/wp-content\/uploads\/2025\/05\/Ilustracion_sin_titulo14-768x564.png 768w, https:\/\/sitiodepaz.com\/wp-content\/uploads\/2025\/05\/Ilustracion_sin_titulo14-16x12.png 16w\" sizes=\"auto, (max-width: 795px) 100vw, 795px\" \/><\/figure>\n\n\n\n<p class=\"has-text-align-center has-base-color has-text-color has-link-color has-cormorant-garamond-font-family has-large-font-size wp-elements-6c895dd23bedb1d0db0f2034b3f69ca3\">Chuveiro externo e banheiro de compostagem<\/p>\n<\/div>\n\n\n\n<div class=\"wp-block-column is-vertically-aligned-center is-layout-flow wp-block-column-is-layout-flow\">\n<figure class=\"wp-block-image aligncenter size-full is-resized\"><img loading=\"lazy\" decoding=\"async\" width=\"795\" height=\"584\" src=\"https:\/\/sitiodepaz.com\/wp-content\/uploads\/2025\/05\/Ilustracion_sin_titulo18.png\" alt=\"\" class=\"wp-image-189\" style=\"width:154px;height:auto\" srcset=\"https:\/\/sitiodepaz.com\/wp-content\/uploads\/2025\/05\/Ilustracion_sin_titulo18.png 795w, https:\/\/sitiodepaz.com\/wp-content\/uploads\/2025\/05\/Ilustracion_sin_titulo18-300x220.png 300w, https:\/\/sitiodepaz.com\/wp-content\/uploads\/2025\/05\/Ilustracion_sin_titulo18-768x564.png 768w, https:\/\/sitiodepaz.com\/wp-content\/uploads\/2025\/05\/Ilustracion_sin_titulo18-16x12.png 16w\" sizes=\"auto, (max-width: 795px) 100vw, 795px\" \/><\/figure>\n\n\n\n<p class=\"has-text-align-center has-base-color has-text-color has-link-color has-cormorant-garamond-font-family has-large-font-size wp-elements-008507c1536be9e7bd24dd873e9e737c\">A 10 minutos das praias da costa oeste<\/p>\n<\/div>\n<\/div>\n<\/div>\n\n\n\n<div style=\"height:100px\" aria-hidden=\"true\" class=\"wp-block-spacer\"><\/div>\n\n\n\n<div class=\"wp-block-columns is-layout-flex wp-container-core-columns-is-layout-28f84493 wp-block-columns-is-layout-flex\">\n<div class=\"wp-block-column is-layout-flow wp-block-column-is-layout-flow\">\n<p class=\"has-accent-1-color has-text-color has-link-color has-cormorant-garamond-font-family has-x-large-font-size wp-elements-b458e55375c5c4a52a5d295b0f5cc52f\">O QUE ESPERAR<\/p>\n\n\n\n<ul class=\"wp-block-list\">\n<li>Acomoda 1\u20132 pessoas<\/li>\n\n\n\n<li>Chuveiro externo e banheiro de compostagem<\/li>\n\n\n\n<li>Cozinha b\u00e1sica<\/li>\n\n\n\n<li>Animais de fazenda amig\u00e1veis<\/li>\n\n\n\n<li>Sem eletricidade \u2013 apenas pura simplicidade<\/li>\n\n\n\n<li>A 10 minutos das deslumbrantes praias da costa oeste<\/li>\n<\/ul>\n<\/div>\n\n\n\n<div class=\"wp-block-column is-layout-flow wp-block-column-is-layout-flow\">\n<p class=\"has-accent-1-color has-text-color has-link-color has-cormorant-garamond-font-family has-x-large-font-size wp-elements-c14c975a83cf3afff57cd7a954004972\">INFORMA\u00c7\u00d5ES PR\u00c1TICAS<\/p>\n\n\n\n<ul class=\"wp-block-list\">\n<li>Sem eletricidade \u2013 aproveite noites estreladas e noites com luz solar<\/li>\n\n\n\n<li>Tenda privativa com chuveiro externo e banheiro de compostagem<\/li>\n\n\n\n<li>Roupa de cama e toalhas inclu\u00eddas<\/li>\n\n\n\n<li>Cozinha b\u00e1sica (sem geladeira)<\/li>\n\n\n\n<li>Check-in: 16:00 \u2013 21:00<\/li>\n\n\n\n<li>Check-out: antes das 10:00<\/li>\n<\/ul>\n<\/div>\n<\/div>\n\n\n\n<div style=\"height:100px\" aria-hidden=\"true\" class=\"wp-block-spacer\"><\/div>\n\n\n\n<div class=\"wp-block-group has-global-padding is-layout-constrained wp-container-core-group-is-layout-f36bc466 wp-block-group-is-layout-constrained\">\n<figure class=\"wp-block-video aligncenter\"><video controls src=\"https:\/\/sitiodepaz.com\/wp-content\/uploads\/2025\/06\/IMG_5464.mov\"><\/video><\/figure>\n<\/div>\n\n\n\n<div style=\"height:100px\" aria-hidden=\"true\" class=\"wp-block-spacer\"><\/div>\n\n\n\n<p class=\"has-accent-1-color has-text-color has-link-color has-cormorant-garamond-font-family has-x-large-font-size wp-elements-6ec1c7a8ab412532db1cb7b1fbc74389\"><strong>ONDE NOS ENCONTRAR<\/strong><\/p>\n\n\n\n<div class=\"wp-block-group alignwide has-global-padding is-layout-constrained wp-block-group-is-layout-constrained\"><div class='wpgmza_map_wrapper'><div id=\"wpgmza_map_block_1\" class=\"wpgmza_map wpgmza_standalone_map_block wpgmza-auto-center\" style=\"display:block;width:100%;height:300px;overflow:hidden;position:relative;\" data-maps-engine=\"open-layers\" data-build-engine=\"standalone-block\" data-icon=\"https:\/\/sitiodepaz.com\/wp-content\/plugins\/wp-go-maps-block\/images\/icon.png\" data-lat=\"37.31663\" data-lng=\"-8.762188\" data-zoom=\"11\" data-address=\"\" data-infowindow-mode=\"click\" ><\/div><\/div>\n\n\n<p class=\"has-text-align-right has-accent-1-color has-text-color has-link-color wp-elements-a44337778fb2b75edd5cd83f74c64f64\"><a href=\"https:\/\/www.google.com\/maps\/dir\/\/37.3166334,-8.762188\/@37.3154047,-8.8200379,14240m\/data=!3m1!1e3!4m2!4m1!3e2?entry=ttu&amp;g_ep=EgoyMDI1MDQzMC4xIKXMDSoASAFQAw%3D%3D\" data-type=\"link\" data-id=\"https:\/\/www.google.com\/maps\/dir\/\/37.3166334,-8.762188\/@37.3154047,-8.8200379,14240m\/data=!3m1!1e3!4m2!4m1!3e2?entry=ttu&amp;g_ep=EgoyMDI1MDQzMC4xIKXMDSoASAFQAw%3D%3D\" target=\"_blank\" rel=\"noreferrer noopener\">Ver no Google Maps<\/a><\/p>\n<\/div>","protected":false},"excerpt":{"rendered":"<p>SAFARI TENT ALGARVE Cozy and romantic safari tent nestled in the countryside near Aljezur. A peaceful retreat for one or two guests looking to slow down and reconnect with nature. Surrounded by fields, trees, and animals like donkeys and horses, it\u2019s an ideal spot to enjoy the simple rhythm of rural life. The tent features [&hellip;]<\/p>","protected":false},"author":1,"featured_media":0,"parent":0,"menu_order":0,"comment_status":"closed","ping_status":"closed","template":"page-no-title","meta":{"footnotes":""},"class_list":["post-138","page","type-page","status-publish","hentry"],"aioseo_notices":[],"_links":{"self":[{"href":"https:\/\/sitiodepaz.com\/pt\/wp-json\/wp\/v2\/pages\/138","targetHints":{"allow":["GET"]}}],"collection":[{"href":"https:\/\/sitiodepaz.com\/pt\/wp-json\/wp\/v2\/pages"}],"about":[{"href":"https:\/\/sitiodepaz.com\/pt\/wp-json\/wp\/v2\/types\/page"}],"author":[{"embeddable":true,"href":"https:\/\/sitiodepaz.com\/pt\/wp-json\/wp\/v2\/users\/1"}],"replies":[{"embeddable":true,"href":"https:\/\/sitiodepaz.com\/pt\/wp-json\/wp\/v2\/comments?post=138"}],"version-history":[{"count":33,"href":"https:\/\/sitiodepaz.com\/pt\/wp-json\/wp\/v2\/pages\/138\/revisions"}],"predecessor-version":[{"id":542,"href":"https:\/\/sitiodepaz.com\/pt\/wp-json\/wp\/v2\/pages\/138\/revisions\/542"}],"wp:attachment":[{"href":"https:\/\/sitiodepaz.com\/pt\/wp-json\/wp\/v2\/media?parent=138"}],"curies":[{"name":"wp","href":"https:\/\/api.w.org\/{rel}","templated":true}]}}